{"id":34,"date":"2025-10-31T10:24:59","date_gmt":"2025-10-31T10:24:59","guid":{"rendered":"https:\/\/smartsenegal.sn\/?page_id=34"},"modified":"2025-10-31T10:25:00","modified_gmt":"2025-10-31T10:25:00","slug":"presentation-du-projet-smart-senegal-sa-vision-et-ses-objectifs","status":"publish","type":"page","link":"https:\/\/smartsenegal.sn\/?page_id=34","title":{"rendered":"Pr\u00e9sentation du projet Smart S\u00e9n\u00e9gal, sa vision et ses objectifs."},"content":{"rendered":"","protected":false},"excerpt":{"rendered":"","protected":false},"author":1,"featured_media":0,"parent":0,"menu_order":0,"comment_status":"closed","ping_status":"closed","template":"","meta":{"footnotes":""},"class_list":["post-34","page","type-page","status-publish","hentry"],"_links":{"self":[{"href":"https:\/\/smartsenegal.sn\/index.php?rest_route=\/wp\/v2\/pages\/34","targetHints":{"allow":["GET"]}}],"collection":[{"href":"https:\/\/smartsenegal.sn\/index.php?rest_route=\/wp\/v2\/pages"}],"about":[{"href":"https:\/\/smartsenegal.sn\/index.php?rest_route=\/wp\/v2\/types\/page"}],"author":[{"embeddable":true,"href":"https:\/\/smartsenegal.sn\/index.php?rest_route=\/wp\/v2\/users\/1"}],"replies":[{"embeddable":true,"href":"https:\/\/smartsenegal.sn\/index.php?rest_route=%2Fwp%2Fv2%2Fcomments&post=34"}],"version-history":[{"count":1,"href":"https:\/\/smartsenegal.sn\/index.php?rest_route=\/wp\/v2\/pages\/34\/revisions"}],"predecessor-version":[{"id":35,"href":"https:\/\/smartsenegal.sn\/index.php?rest_route=\/wp\/v2\/pages\/34\/revisions\/35"}],"wp:attachment":[{"href":"https:\/\/smartsenegal.sn\/index.php?rest_route=%2Fwp%2Fv2%2Fmedia&parent=34"}],"curies":[{"name":"wp","href":"https:\/\/api.w.org\/{rel}","templated":true}]}}